{"id":66,"date":"2024-01-08T14:13:29","date_gmt":"2024-01-08T13:13:29","guid":{"rendered":"https:\/\/dilmark.pl\/?page_id=66"},"modified":"2024-01-08T14:17:05","modified_gmt":"2024-01-08T13:17:05","slug":"zaufali-nam-i-rekomendowali","status":"publish","type":"page","link":"https:\/\/dilmark.pl\/index.php\/zaufali-nam-i-rekomendowali\/","title":{"rendered":"Zaufali nam i rekomendowali.."},"content":{"rendered":"\n<div style=\"height:17px\" aria-hidden=\"true\" class=\"wp-block-spacer\"><\/div>\n\n\n\n<div class=\"wp-block-group alignwide has-global-padding is-layout-constrained wp-block-group-is-layout-constrained\">\n<p>W naszej dzia\u0142alno\u015bci priorytetem zawsze by\u0142o dostarczanie us\u0142ug najwy\u017cszej jako\u015bci, spe\u0142niaj\u0105cych oczekiwania naszych klient\u00f3w. Nasze referencje to \u015bwiadectwo tego, jak skutecznie realizujemy projekty w dziedzinie elektryki, automatyki i technologii. Poni\u017cej znajdziesz pliki referencyjne od klient\u00f3w, kt\u00f3rzy zaufali nam w przesz\u0142o\u015bci.<\/p>\n\n\n\n<h2 class=\"wp-block-heading\">Dlaczego warto nam zaufa\u0107?<\/h2>\n\n\n\n<p><\/p>\n\n\n\n<h3 class=\"wp-block-heading\">Do\u015bwiadczenie i Profesjonalizm<\/h3>\n\n\n\n<p>Nasz zesp\u00f3\u0142 ekspert\u00f3w posiada szerokie do\u015bwiadczenie w bran\u017cy, a nasze podej\u015bcie opiera si\u0119 na profesjonalizmie oraz staranno\u015bci w ka\u017cdym detalu.<\/p>\n\n\n\n<h3 class=\"wp-block-heading\">Klient w Centrum<\/h3>\n\n\n\n<p>Rozpoczynamy ka\u017cdy projekt od rozm\u00f3w z klientem, aby zrozumie\u0107 jego unikalne potrzeby i oczekiwania. Dzi\u0119ki temu tworzymy rozwi\u0105zania dostosowane do konkretnych wymaga\u0144.<\/p>\n\n\n\n<h3 class=\"wp-block-heading\">Skuteczno\u015b\u0107 i Efektywno\u015b\u0107<\/h3>\n\n\n\n<p>Nasze projekty to nie tylko zako\u0144czone etapy, to osi\u0105gni\u0119cie optymalnej wydajno\u015bci i oszcz\u0119dno\u015bci dla Twojego przedsi\u0119biorstwa. Dbamy o efektywno\u015b\u0107 ka\u017cdego rozwi\u0105zania.<\/p>\n\n\n\n<p><\/p>\n\n\n\n<h2 class=\"wp-block-heading\">Referencje do Pobrania<\/h2>\n\n\n\n<p>Zapraszamy do zapoznania si\u0119 z opiniami naszych klient\u00f3w. Poni\u017cej znajdziesz pliki referencyjne do pobrania, kt\u00f3re przedstawiaj\u0105 r\u00f3\u017cnorodne projekty, z kt\u00f3rymi mieli\u015bmy przyjemno\u015b\u0107 wsp\u00f3\u0142pracowa\u0107.<\/p>\n\n\n\n<h2 class=\"wp-block-heading\">Opinie Klient\u00f3w<\/h2>\n<\/div>\n\n\n\n<div class=\"wp-block-group alignfull has-global-padding is-layout-constrained wp-container-core-group-is-layout-b25ccd55 wp-block-group-is-layout-constrained\" style=\"margin-top:0;margin-bottom:0;padding-top:var(--wp--preset--spacing--50);padding-right:var(--wp--preset--spacing--50);padding-bottom:var(--wp--preset--spacing--50);padding-left:var(--wp--preset--spacing--50)\">\n<div class=\"wp-block-columns alignwide is-layout-flex wp-container-core-columns-is-layout-ff4b9c61 wp-block-columns-is-layout-flex\" style=\"margin-top:0;margin-bottom:0\">\n<div class=\"wp-block-column is-layout-flow wp-container-core-column-is-layout-8a368f38 wp-block-column-is-layout-flow\">\n<figure data-wp-context=\"{&quot;imageId&quot;:&quot;69d93707c23ea&quot;}\" data-wp-interactive=\"core\/image\" class=\"wp-block-image size-large is-style-rounded is-style-rounded--1 wp-lightbox-container\"><img loading=\"lazy\" decoding=\"async\" width=\"747\" height=\"1024\" data-wp-class--hide=\"state.isContentHidden\" data-wp-class--show=\"state.isContentVisible\" data-wp-init=\"callbacks.setButtonStyles\" data-wp-on-async--click=\"actions.showLightbox\" data-wp-on-async--load=\"callbacks.setButtonStyles\" data-wp-on-async-window--resize=\"callbacks.setButtonStyles\" src=\"https:\/\/dilmark.pl\/wp-content\/uploads\/2024\/01\/Armanski-1-747x1024.png\" alt=\"\" class=\"wp-image-68\" style=\"aspect-ratio:3\/4;object-fit:contain\" srcset=\"https:\/\/dilmark.pl\/wp-content\/uploads\/2024\/01\/Armanski-1-747x1024.png 747w, https:\/\/dilmark.pl\/wp-content\/uploads\/2024\/01\/Armanski-1-219x300.png 219w, https:\/\/dilmark.pl\/wp-content\/uploads\/2024\/01\/Armanski-1-768x1053.png 768w, https:\/\/dilmark.pl\/wp-content\/uploads\/2024\/01\/Armanski-1.png 925w\" sizes=\"auto, (max-width: 747px) 100vw, 747px\" \/><button\n\t\t\tclass=\"lightbox-trigger\"\n\t\t\ttype=\"button\"\n\t\t\taria-haspopup=\"dialog\"\n\t\t\taria-label=\"Enlarge\"\n\t\t\tdata-wp-init=\"callbacks.initTriggerButton\"\n\t\t\tdata-wp-on-async--click=\"actions.showLightbox\"\n\t\t\tdata-wp-style--right=\"state.imageButtonRight\"\n\t\t\tdata-wp-style--top=\"state.imageButtonTop\"\n\t\t>\n\t\t\t<svg xmlns=\"http:\/\/www.w3.org\/2000\/svg\" width=\"12\" height=\"12\" fill=\"none\" viewBox=\"0 0 12 12\">\n\t\t\t\t<path fill=\"#fff\" d=\"M2 0a2 2 0 0 0-2 2v2h1.5V2a.5.5 0 0 1 .5-.5h2V0H2Zm2 10.5H2a.5.5 0 0 1-.5-.5V8H0v2a2 2 0 0 0 2 2h2v-1.5ZM8 12v-1.5h2a.5.5 0 0 0 .5-.5V8H12v2a2 2 0 0 1-2 2H8Zm2-12a2 2 0 0 1 2 2v2h-1.5V2a.5.5 0 0 0-.5-.5H8V0h2Z\" \/>\n\t\t\t<\/svg>\n\t\t<\/button><\/figure>\n<\/div>\n\n\n\n<div class=\"wp-block-column is-layout-flow wp-container-core-column-is-layout-8a368f38 wp-block-column-is-layout-flow\">\n<figure data-wp-context=\"{&quot;imageId&quot;:&quot;69d93707c2c49&quot;}\" data-wp-interactive=\"core\/image\" class=\"wp-block-image size-large is-style-rounded is-style-rounded--2 wp-lightbox-container\"><img loading=\"lazy\" decoding=\"async\" width=\"744\" height=\"1024\" data-wp-class--hide=\"state.isContentHidden\" data-wp-class--show=\"state.isContentVisible\" data-wp-init=\"callbacks.setButtonStyles\" data-wp-on-async--click=\"actions.showLightbox\" data-wp-on-async--load=\"callbacks.setButtonStyles\" data-wp-on-async-window--resize=\"callbacks.setButtonStyles\" src=\"https:\/\/dilmark.pl\/wp-content\/uploads\/2024\/01\/Eltur-744x1024.png\" alt=\"\" class=\"wp-image-69\" style=\"aspect-ratio:3\/4;object-fit:contain\" srcset=\"https:\/\/dilmark.pl\/wp-content\/uploads\/2024\/01\/Eltur-744x1024.png 744w, https:\/\/dilmark.pl\/wp-content\/uploads\/2024\/01\/Eltur-218x300.png 218w, https:\/\/dilmark.pl\/wp-content\/uploads\/2024\/01\/Eltur-768x1056.png 768w, https:\/\/dilmark.pl\/wp-content\/uploads\/2024\/01\/Eltur.png 916w\" sizes=\"auto, (max-width: 744px) 100vw, 744px\" \/><button\n\t\t\tclass=\"lightbox-trigger\"\n\t\t\ttype=\"button\"\n\t\t\taria-haspopup=\"dialog\"\n\t\t\taria-label=\"Enlarge\"\n\t\t\tdata-wp-init=\"callbacks.initTriggerButton\"\n\t\t\tdata-wp-on-async--click=\"actions.showLightbox\"\n\t\t\tdata-wp-style--right=\"state.imageButtonRight\"\n\t\t\tdata-wp-style--top=\"state.imageButtonTop\"\n\t\t>\n\t\t\t<svg xmlns=\"http:\/\/www.w3.org\/2000\/svg\" width=\"12\" height=\"12\" fill=\"none\" viewBox=\"0 0 12 12\">\n\t\t\t\t<path fill=\"#fff\" d=\"M2 0a2 2 0 0 0-2 2v2h1.5V2a.5.5 0 0 1 .5-.5h2V0H2Zm2 10.5H2a.5.5 0 0 1-.5-.5V8H0v2a2 2 0 0 0 2 2h2v-1.5ZM8 12v-1.5h2a.5.5 0 0 0 .5-.5V8H12v2a2 2 0 0 1-2 2H8Zm2-12a2 2 0 0 1 2 2v2h-1.5V2a.5.5 0 0 0-.5-.5H8V0h2Z\" \/>\n\t\t\t<\/svg>\n\t\t<\/button><\/figure>\n<\/div>\n\n\n\n<div class=\"wp-block-column is-layout-flow wp-container-core-column-is-layout-8a368f38 wp-block-column-is-layout-flow\">\n<figure data-wp-context=\"{&quot;imageId&quot;:&quot;69d93707c338a&quot;}\" data-wp-interactive=\"core\/image\" class=\"wp-block-image size-large is-style-rounded is-style-rounded--3 wp-lightbox-container\"><img loading=\"lazy\" decoding=\"async\" width=\"724\" height=\"1024\" data-wp-class--hide=\"state.isContentHidden\" data-wp-class--show=\"state.isContentVisible\" data-wp-init=\"callbacks.setButtonStyles\" data-wp-on-async--click=\"actions.showLightbox\" data-wp-on-async--load=\"callbacks.setButtonStyles\" data-wp-on-async-window--resize=\"callbacks.setButtonStyles\" src=\"https:\/\/dilmark.pl\/wp-content\/uploads\/2024\/01\/NWL-724x1024.png\" alt=\"\" class=\"wp-image-70\" style=\"aspect-ratio:3\/4;object-fit:contain\" srcset=\"https:\/\/dilmark.pl\/wp-content\/uploads\/2024\/01\/NWL-724x1024.png 724w, https:\/\/dilmark.pl\/wp-content\/uploads\/2024\/01\/NWL-212x300.png 212w, https:\/\/dilmark.pl\/wp-content\/uploads\/2024\/01\/NWL-768x1086.png 768w, https:\/\/dilmark.pl\/wp-content\/uploads\/2024\/01\/NWL.png 874w\" sizes=\"auto, (max-width: 724px) 100vw, 724px\" \/><button\n\t\t\tclass=\"lightbox-trigger\"\n\t\t\ttype=\"button\"\n\t\t\taria-haspopup=\"dialog\"\n\t\t\taria-label=\"Enlarge\"\n\t\t\tdata-wp-init=\"callbacks.initTriggerButton\"\n\t\t\tdata-wp-on-async--click=\"actions.showLightbox\"\n\t\t\tdata-wp-style--right=\"state.imageButtonRight\"\n\t\t\tdata-wp-style--top=\"state.imageButtonTop\"\n\t\t>\n\t\t\t<svg xmlns=\"http:\/\/www.w3.org\/2000\/svg\" width=\"12\" height=\"12\" fill=\"none\" viewBox=\"0 0 12 12\">\n\t\t\t\t<path fill=\"#fff\" d=\"M2 0a2 2 0 0 0-2 2v2h1.5V2a.5.5 0 0 1 .5-.5h2V0H2Zm2 10.5H2a.5.5 0 0 1-.5-.5V8H0v2a2 2 0 0 0 2 2h2v-1.5ZM8 12v-1.5h2a.5.5 0 0 0 .5-.5V8H12v2a2 2 0 0 1-2 2H8Zm2-12a2 2 0 0 1 2 2v2h-1.5V2a.5.5 0 0 0-.5-.5H8V0h2Z\" \/>\n\t\t\t<\/svg>\n\t\t<\/button><\/figure>\n<\/div>\n<\/div>\n<\/div>\n","protected":false},"excerpt":{"rendered":"<p>W naszej dzia\u0142alno\u015bci priorytetem zawsze by\u0142o dostarczanie us\u0142ug najwy\u017cszej jako\u015bci, spe\u0142niaj\u0105cych oczekiwania naszych klient\u00f3w. Nasze referencje to \u015bwiadectwo tego, jak skutecznie realizujemy projekty w dziedzinie elektryki, automatyki i technologii. Poni\u017cej znajdziesz pliki referencyjne od klient\u00f3w, kt\u00f3rzy zaufali nam w przesz\u0142o\u015bci. Dlaczego warto nam zaufa\u0107? Do\u015bwiadczenie i Profesjonalizm Nasz zesp\u00f3\u0142 ekspert\u00f3w posiada szerokie do\u015bwiadczenie w bran\u017cy, [&hellip;]<\/p>\n","protected":false},"author":1,"featured_media":0,"parent":0,"menu_order":0,"comment_status":"closed","ping_status":"closed","template":"","meta":{"om_disable_all_campaigns":false,"_monsterinsights_skip_tracking":false,"_monsterinsights_sitenote_active":false,"_monsterinsights_sitenote_note":"","_monsterinsights_sitenote_category":0,"_ti_tpc_template_sync":false,"_ti_tpc_template_id":"","footnotes":""},"class_list":["post-66","page","type-page","status-publish","hentry"],"aioseo_notices":[],"_links":{"self":[{"href":"https:\/\/dilmark.pl\/index.php\/wp-json\/wp\/v2\/pages\/66","targetHints":{"allow":["GET"]}}],"collection":[{"href":"https:\/\/dilmark.pl\/index.php\/wp-json\/wp\/v2\/pages"}],"about":[{"href":"https:\/\/dilmark.pl\/index.php\/wp-json\/wp\/v2\/types\/page"}],"author":[{"embeddable":true,"href":"https:\/\/dilmark.pl\/index.php\/wp-json\/wp\/v2\/users\/1"}],"replies":[{"embeddable":true,"href":"https:\/\/dilmark.pl\/index.php\/wp-json\/wp\/v2\/comments?post=66"}],"version-history":[{"count":3,"href":"https:\/\/dilmark.pl\/index.php\/wp-json\/wp\/v2\/pages\/66\/revisions"}],"predecessor-version":[{"id":74,"href":"https:\/\/dilmark.pl\/index.php\/wp-json\/wp\/v2\/pages\/66\/revisions\/74"}],"wp:attachment":[{"href":"https:\/\/dilmark.pl\/index.php\/wp-json\/wp\/v2\/media?parent=66"}],"curies":[{"name":"wp","href":"https:\/\/api.w.org\/{rel}","templated":true}]}}